{"id":822,"date":"2026-03-04T12:40:04","date_gmt":"2026-03-04T12:40:04","guid":{"rendered":"https:\/\/primekm.pt\/privacy-policy\/"},"modified":"2026-05-15T10:39:18","modified_gmt":"2026-05-15T10:39:18","slug":"privacy-policy","status":"publish","type":"page","link":"https:\/\/primekm.pt\/en\/privacy-policy\/","title":{"rendered":"Privacy Policy"},"content":{"rendered":"<style>.elementor-822 .elementor-element.elementor-element-3753b85b{--display:flex;--padding-top:70px;--padding-bottom:70px;--padding-left:70px;--padding-right:70px;}<\/style>\t\t<div data-elementor-type=\"wp-page\" data-elementor-id=\"822\" class=\"elementor elementor-822 elementor-3\" data-elementor-post-type=\"page\">\n\t\t\t\t<div class=\"elementor-element elementor-element-3753b85b e-flex e-con-boxed e-con e-parent\" data-id=\"3753b85b\" data-element_type=\"container\" data-e-type=\"container\">\n\t\t\t\t\t<div class=\"e-con-inner\">\n\t\t\t\t<div class=\"elementor-element elementor-element-52ef9bd5 elementor-widget elementor-widget-text-editor\" data-id=\"52ef9bd5\" data-element_type=\"widget\" data-e-type=\"widget\" data-widget_type=\"text-editor.default\">\n\t\t\t\t\t\t\t\t\t<h3>Privacy Policy<br><br><\/h3>\n<h2 data-section-id=\"z8wlm5\" data-start=\"192\" data-end=\"242\">1. Identification of the Data Controller<\/h2>\n<p data-start=\"244\" data-end=\"498\">This Privacy Policy describes how the company <strong data-start=\"303\" data-end=\"359\">Primekm &#8211; Viagens, Turismo e Eventos, Unipessoal Lda<\/strong>, with <strong data-start=\"370\" data-end=\"383\">514604646<\/strong> NIPC and registered office at <strong data-start=\"394\" data-end=\"444\">Rua Conde Sabugosa, N\u00ba 6, 8-B, 1700-116 Lisbon<\/strong>, processes the personal data of website users:<\/p>\n<p data-start=\"500\" data-end=\"525\"><strong data-start=\"503\" data-end=\"525\"><a class=\"decorated-link\" href=\"https:\/\/primekm.pt\/en\/\" target=\"_new\" rel=\"noopener\" data-start=\"505\" data-end=\"523\">https:\/\/primekm.pt<\/a><\/strong><\/p>\n<p data-start=\"527\" data-end=\"672\">The company is responsible for the processing of personal data in accordance with <strong data-start=\"600\" data-end=\"636\">Regulation (EU) 2016\/679 (GDPR)<\/strong> and applicable national law.<\/p>\n<hr data-start=\"674\" data-end=\"677\">\n<h2 data-section-id=\"16ybkmj\" data-start=\"679\" data-end=\"710\">2. Personal Data Collected<\/h2>\n<p data-start=\"712\" data-end=\"757\">We may collect the following personal data:<\/p>\n<ul data-start=\"759\" data-end=\"1078\">\n<li data-section-id=\"1t1go2p\" data-start=\"759\" data-end=\"767\">\n<p data-start=\"761\" data-end=\"767\">Name<\/p>\n<\/li>\n<li data-section-id=\"8qbcsw\" data-start=\"768\" data-end=\"789\">\n<p data-start=\"770\" data-end=\"789\">Email address<\/p>\n<\/li>\n<li data-section-id=\"mnzehe\" data-start=\"790\" data-end=\"812\">\n<p data-start=\"792\" data-end=\"812\">Phone Number<\/p>\n<\/li>\n<li data-section-id=\"agm312\" data-start=\"813\" data-end=\"911\">\n<p data-start=\"815\" data-end=\"911\">Information provided through forms (e.g. contact requests, reservations, quotes)<\/p>\n<\/li>\n<li data-section-id=\"18mkfv\" data-start=\"912\" data-end=\"992\">\n<p data-start=\"914\" data-end=\"992\">Data related to requested services (tours, transfers, experiences)<\/p>\n<\/li>\n<li data-section-id=\"rqjy1w\" data-start=\"993\" data-end=\"1008\">\n<p data-start=\"995\" data-end=\"1008\">IP Address<\/p>\n<\/li>\n<li data-section-id=\"10mpyuv\" data-start=\"1009\" data-end=\"1078\">\n<p data-start=\"1011\" data-end=\"1078\">Browsing data (browser, device, approximate location)<\/p>\n<\/li>\n<\/ul>\n<hr data-start=\"1080\" data-end=\"1083\">\n<h2 data-section-id=\"7sryk8\" data-start=\"1085\" data-end=\"1125\">3. Purpose of Data Processing<\/h2>\n<p data-start=\"1127\" data-end=\"1176\">The personal data collected is used to:<\/p>\n<ul data-start=\"1178\" data-end=\"1481\">\n<li data-section-id=\"1jt1bhd\" data-start=\"1178\" data-end=\"1213\">\n<p data-start=\"1180\" data-end=\"1213\">Responding to contact requests<\/p>\n<\/li>\n<li data-section-id=\"1kwego5\" data-start=\"1214\" data-end=\"1259\">\n<p data-start=\"1216\" data-end=\"1259\">Process reservations and quote requests<\/p>\n<\/li>\n<li data-section-id=\"17vxi6o\" data-start=\"1260\" data-end=\"1312\">\n<p data-start=\"1262\" data-end=\"1312\">Provide tourism, transfers and events services<\/p>\n<\/li>\n<li data-section-id=\"12ddfo9\" data-start=\"1313\" data-end=\"1342\">\n<p data-start=\"1315\" data-end=\"1342\">Communicate with customers<\/p>\n<\/li>\n<li data-section-id=\"1kzdb8s\" data-start=\"1343\" data-end=\"1389\">\n<p data-start=\"1345\" data-end=\"1389\">Manage requests and service tracking<\/p>\n<\/li>\n<li data-section-id=\"183tczt\" data-start=\"1390\" data-end=\"1441\">\n<p data-start=\"1392\" data-end=\"1441\">Improve the user experience on the website<\/p>\n<\/li>\n<li data-section-id=\"lwvoju\" data-start=\"1442\" data-end=\"1481\">\n<p data-start=\"1444\" data-end=\"1481\">Comply with legal and tax obligations<\/p>\n<\/li>\n<\/ul>\n<hr data-start=\"1483\" data-end=\"1486\">\n<h2 data-section-id=\"yn2nnd\" data-start=\"1488\" data-end=\"1510\">4. Legal Basis<\/h2>\n<p data-start=\"1512\" data-end=\"1557\">The processing of personal data is based on:<\/p>\n<ul data-start=\"1559\" data-end=\"1766\">\n<li data-section-id=\"1qcyh9b\" data-start=\"1559\" data-end=\"1597\">\n<p data-start=\"1561\" data-end=\"1597\">Data Subject Consent<\/p>\n<\/li>\n<li data-section-id=\"9vyc82\" data-start=\"1598\" data-end=\"1653\">\n<p data-start=\"1600\" data-end=\"1653\">Contract execution or pre-contractual steps<\/p>\n<\/li>\n<li data-section-id=\"1k7efr9\" data-start=\"1654\" data-end=\"1690\">\n<p data-start=\"1656\" data-end=\"1690\">Compliance with legal obligations<\/p>\n<\/li>\n<li data-section-id=\"1ak5gdw\" data-start=\"1691\" data-end=\"1766\">\n<p data-start=\"1693\" data-end=\"1766\">Legitimate interest of the company (e.g. improvement of the website and services)<\/p>\n<\/li>\n<\/ul>\n<hr data-start=\"1768\" data-end=\"1771\">\n<h2 data-section-id=\"h0tnmh\" data-start=\"1773\" data-end=\"1802\">5. Contact Forms<\/h2>\n<p data-start=\"1804\" data-end=\"1885\">The data entered in the forms on the website are used exclusively for:<\/p>\n<ul data-start=\"1887\" data-end=\"2013\">\n<li data-section-id=\"1f4hoyd\" data-start=\"1887\" data-end=\"1924\">\n<p data-start=\"1889\" data-end=\"1924\">Responding to inquiries<\/p>\n<\/li>\n<li data-section-id=\"m0p92y\" data-start=\"1925\" data-end=\"1971\">\n<p data-start=\"1927\" data-end=\"1971\">Process reservations or quote requests<\/p>\n<\/li>\n<li data-section-id=\"7o3lfj\" data-start=\"1972\" data-end=\"2013\">\n<p data-start=\"1974\" data-end=\"2013\">Contacting you<\/p>\n<\/li>\n<\/ul>\n<p data-start=\"2015\" data-end=\"2123\">The submission of data through the forms implies the user&#8217;s consent to the processing of the same.<\/p>\n<hr data-start=\"2125\" data-end=\"2128\">\n<h2 data-section-id=\"1mggoxu\" data-start=\"2130\" data-end=\"2152\">6. Google Analytics<\/h2>\n<p data-start=\"2154\" data-end=\"2315\">This website uses <strong data-start=\"2177\" data-end=\"2197\">Google Analytics<\/strong>, a web analytics service provided by <strong data-start=\"2240\" data-end=\"2255\">Google Inc.<\/strong>, which uses cookies to analyze website usage.<\/p>\n<p data-start=\"2317\" data-end=\"2361\">Google Analytics collects information such as:<\/p>\n<ul data-start=\"2363\" data-end=\"2496\">\n<li data-section-id=\"lr1ls6\" data-start=\"2363\" data-end=\"2412\">\n<p data-start=\"2365\" data-end=\"2412\">IP address (anonymized whenever possible)<\/p>\n<\/li>\n<li data-section-id=\"x767rh\" data-start=\"2413\" data-end=\"2434\">\n<p data-start=\"2415\" data-end=\"2434\">Pages Visited<\/p>\n<\/li>\n<li data-section-id=\"1bytw2y\" data-start=\"2435\" data-end=\"2467\">\n<p data-start=\"2437\" data-end=\"2467\">Time spent on the site<\/p>\n<\/li>\n<li data-section-id=\"1jyal2l\" data-start=\"2468\" data-end=\"2496\">\n<p data-start=\"2470\" data-end=\"2496\">User interactions<\/p>\n<\/li>\n<\/ul>\n<p data-start=\"2498\" data-end=\"2530\">This data is used to:<\/p>\n<ul data-start=\"2532\" data-end=\"2655\">\n<li data-section-id=\"1kka5pl\" data-start=\"2532\" data-end=\"2577\">\n<p data-start=\"2534\" data-end=\"2577\">Analyze user behavior<\/p>\n<\/li>\n<li data-section-id=\"11xw2oj\" data-start=\"2578\" data-end=\"2614\">\n<p data-start=\"2580\" data-end=\"2614\">Improve website performance<\/p>\n<\/li>\n<li data-section-id=\"pxb5ri\" data-start=\"2615\" data-end=\"2655\">\n<p data-start=\"2617\" data-end=\"2655\">Optimize the user experience<\/p>\n<\/li>\n<\/ul>\n<p data-start=\"2657\" data-end=\"2824\">Information may be transferred to and stored on Google servers outside the European Union and is treated in accordance with Google&#8217;s privacy policies.<\/p>\n<p data-start=\"2826\" data-end=\"2881\">For further information, please contact:<br data-start=\"2843\" data-end=\"2846\"><a class=\"decorated-link\" href=\"https:\/\/policies.google.com\/privacy\" target=\"_new\" rel=\"noopener\" data-start=\"2846\" data-end=\"2881\">https:\/\/policies.google.com\/privacy<\/a><\/p>\n<hr data-start=\"2883\" data-end=\"2886\">\n<h2 data-section-id=\"1dlekez\" data-start=\"2888\" data-end=\"2911\">7. Data Sharing<\/h2>\n<p data-start=\"2913\" data-end=\"2959\">Personal data may be shared with:<\/p>\n<ul data-start=\"2961\" data-end=\"3153\">\n<li data-section-id=\"1v94t82\" data-start=\"2961\" data-end=\"3038\">\n<p data-start=\"2963\" data-end=\"3038\">Partners necessary to provide the service (e.g. tour operators)<\/p>\n<\/li>\n<li data-section-id=\"1opsudd\" data-start=\"3039\" data-end=\"3107\">\n<p data-start=\"3041\" data-end=\"3107\">Technology service providers (hosting, email, analytics)<\/p>\n<\/li>\n<li data-section-id=\"1ua9rcy\" data-start=\"3108\" data-end=\"3153\">\n<p data-start=\"3110\" data-end=\"3153\">Legal authorities when required by law<\/p>\n<\/li>\n<\/ul>\n<p data-start=\"3155\" data-end=\"3207\">All third parties are obliged to comply with the GDPR.<\/p>\n<hr data-start=\"3209\" data-end=\"3212\">\n<h2 data-section-id=\"8strpo\" data-start=\"3214\" data-end=\"3241\">8. Data Retention<\/h2>\n<p data-start=\"3243\" data-end=\"3311\">Personal data is kept only for as long as necessary to:<\/p>\n<ul data-start=\"3313\" data-end=\"3422\">\n<li data-section-id=\"1y5z4i8\" data-start=\"3313\" data-end=\"3365\">\n<p data-start=\"3315\" data-end=\"3365\">Fulfill the purposes for which they were collected<\/p>\n<\/li>\n<li data-section-id=\"1nmttm5\" data-start=\"3366\" data-end=\"3422\">\n<p data-start=\"3368\" data-end=\"3422\">Comply with legal, tax and administrative obligations<\/p>\n<\/li>\n<\/ul>\n<hr data-start=\"3424\" data-end=\"3427\">\n<h2 data-section-id=\"1koinr8\" data-start=\"3429\" data-end=\"3464\">9. Data Subject Rights<\/h2>\n<p data-start=\"3466\" data-end=\"3493\">You have the right to:<\/p>\n<ul data-start=\"3495\" data-end=\"3773\">\n<li data-section-id=\"yxb79p\" data-start=\"3495\" data-end=\"3529\">\n<p data-start=\"3497\" data-end=\"3529\">Accessing your personal data<\/p>\n<\/li>\n<li data-section-id=\"v80myu\" data-start=\"3530\" data-end=\"3560\">\n<p data-start=\"3532\" data-end=\"3560\">Rectify incorrect data<\/p>\n<\/li>\n<li data-section-id=\"u0rin2\" data-start=\"3561\" data-end=\"3625\">\n<p data-start=\"3563\" data-end=\"3625\">Request deletion of data (&#8220;right to be forgotten&#8221;)<\/p>\n<\/li>\n<li data-section-id=\"seq2tn\" data-start=\"3626\" data-end=\"3660\">\n<p data-start=\"3628\" data-end=\"3660\">Limiting data processing<\/p>\n<\/li>\n<li data-section-id=\"1mez7io\" data-start=\"3661\" data-end=\"3686\">\n<p data-start=\"3663\" data-end=\"3686\">Oppose treatment<\/p>\n<\/li>\n<li data-section-id=\"1qpzjai\" data-start=\"3687\" data-end=\"3726\">\n<p data-start=\"3689\" data-end=\"3726\">Request data portability<\/p>\n<\/li>\n<li data-section-id=\"7zrkpe\" data-start=\"3727\" data-end=\"3773\">\n<p data-start=\"3729\" data-end=\"3773\">Withdraw consent at any time<\/p>\n<\/li>\n<\/ul>\n<p data-start=\"3775\" data-end=\"3823\">To exercise your rights, you should contact:<\/p>\n<p data-start=\"3825\" data-end=\"3851\"><img decoding=\"async\" draggable=\"false\" role=\"img\" class=\"emoji\" alt=\"\ud83d\udce7\" src=\"https:\/\/s.w.org\/images\/core\/emoji\/17.0.2\/svg\/1f4e7.svg\"> <strong data-start=\"3828\" data-end=\"3851\"><a class=\"decorated-link cursor-pointer\" rel=\"noopener\" data-start=\"3830\" data-end=\"3849\">reservas@primekm.pt<\/a><\/strong><\/p>\n<hr data-start=\"3853\" data-end=\"3856\">\n<h2 data-section-id=\"1gkhb0w\" data-start=\"3858\" data-end=\"3884\">10. Data Security<\/h2>\n<p data-start=\"3886\" data-end=\"3984\">Primekm adopts appropriate technical and organizational measures to protect personal data against:<\/p>\n<ul data-start=\"3986\" data-end=\"4072\">\n<li data-section-id=\"q3vpfq\" data-start=\"3986\" data-end=\"4011\">\n<p data-start=\"3988\" data-end=\"4011\">Unauthorized access<\/p>\n<\/li>\n<li data-section-id=\"1xt0ihf\" data-start=\"4012\" data-end=\"4035\">\n<p data-start=\"4014\" data-end=\"4035\">Loss or destruction<\/p>\n<\/li>\n<li data-section-id=\"1rs6io5\" data-start=\"4036\" data-end=\"4072\">\n<p data-start=\"4038\" data-end=\"4072\">Alteration or improper disclosure<\/p>\n<\/li>\n<\/ul>\n<hr data-start=\"4074\" data-end=\"4077\">\n<h2 data-section-id=\"942e70\" data-start=\"4079\" data-end=\"4093\">11. Cookies<\/h2>\n<p data-start=\"4095\" data-end=\"4126\">The website uses cookies to:<\/p>\n<ul data-start=\"4128\" data-end=\"4258\">\n<li data-section-id=\"1fl6a3\" data-start=\"4128\" data-end=\"4172\">\n<p data-start=\"4130\" data-end=\"4172\">Ensure the correct functioning of the website<\/p>\n<\/li>\n<li data-section-id=\"1kka5pl\" data-start=\"4173\" data-end=\"4218\">\n<p data-start=\"4175\" data-end=\"4218\">Analyze user behavior<\/p>\n<\/li>\n<li data-section-id=\"1xpzw93\" data-start=\"4219\" data-end=\"4258\">\n<p data-start=\"4221\" data-end=\"4258\">Improve the browsing experience<\/p>\n<\/li>\n<\/ul>\n<p data-start=\"4260\" data-end=\"4338\">You can set your browser to refuse or delete cookies.<\/p>\n<hr data-start=\"4340\" data-end=\"4343\">\n<h2 data-section-id=\"4rl4h2\" data-start=\"4345\" data-end=\"4387\">12. Links to Third-Party Websites<\/h2>\n<p data-start=\"4389\" data-end=\"4521\">The website may contain links to external websites.<br data-start=\"4440\" data-end=\"4443\">Primekm is not responsible for the privacy practices of these websites.<\/p>\n<hr data-start=\"4523\" data-end=\"4526\">\n<h2 data-section-id=\"16gcnw0\" data-start=\"4528\" data-end=\"4571\">13. Changes to the Privacy Policy<\/h2>\n<p data-start=\"4573\" data-end=\"4663\">Primekm reserves the right to change this Privacy Policy at any time.<\/p>\n<p data-start=\"4665\" data-end=\"4712\">It is recommended to consult this page periodically.<\/p>\n<hr data-start=\"4714\" data-end=\"4717\">\n<h2 data-section-id=\"q3amnr\" data-start=\"4719\" data-end=\"4748\">14. Supervisory Authority<\/h2>\n<p data-start=\"4750\" data-end=\"4799\">The user may file a complaint with:<\/p>\n<p data-start=\"4801\" data-end=\"4872\"><strong data-start=\"4801\" data-end=\"4850\">National Data Protection Commission (CNPD)<\/strong><br data-start=\"4850\" data-end=\"4853\"><a class=\"decorated-link\" href=\"https:\/\/www.cnpd.pt\" target=\"_new\" rel=\"noopener\" data-start=\"4853\" data-end=\"4872\">https:\/\/www.cnpd.pt<\/a><\/p>\n<hr data-start=\"4874\" data-end=\"4877\">\n<h2 data-section-id=\"1upgfq8\" data-start=\"4879\" data-end=\"4894\">15. Contact<\/h2>\n<p data-start=\"4896\" data-end=\"4963\">For any questions related to this Privacy Policy:<\/p>\n<p data-start=\"4965\" data-end=\"5073\"><strong data-start=\"4965\" data-end=\"5021\">Primekm &#8211; Travel, Tourism and Events, Unipessoal Lda<\/strong><br data-start=\"5021\" data-end=\"5024\">Rua Conde Sabugosa, N\u00ba 6, 8-B<br data-start=\"5053\" data-end=\"5056\">1700-116 Lisbon<\/p>\n<p data-start=\"5075\" data-end=\"5101\"><img decoding=\"async\" draggable=\"false\" role=\"img\" class=\"emoji\" alt=\"\ud83d\udce7\" src=\"https:\/\/s.w.org\/images\/core\/emoji\/17.0.2\/svg\/1f4e7.svg\"> <strong data-start=\"5078\" data-end=\"5101\"><a class=\"decorated-link cursor-pointer\" rel=\"noopener\" data-start=\"5080\" data-end=\"5099\">reservas@primekm.pt<\/a><\/strong><\/p>\n<hr data-start=\"5103\" data-end=\"5106\">\n<h2 data-section-id=\"13x29d5\" data-start=\"5108\" data-end=\"5134\">16. Update Date<\/h2>\n<h2>Last updated: <strong data-start=\"5156\" data-end=\"5179\">March 18, 2026<\/strong><\/h2>\t\t\t\t\t\t\t\t<\/div>\n\t\t\t\t\t<\/div>\n\t\t\t\t<\/div>\n\t\t\t\t<\/div>\n\t\t","protected":false},"excerpt":{"rendered":"<p>Pol\u00edtica de Privacidade 1. Identifica\u00e7\u00e3o do Respons\u00e1vel pelo Tratamento A presente Pol\u00edtica de Privacidade descreve como a empresa Primekm &#8211; Viagens, Turismo e Eventos, Unipessoal Lda, com NIPC 514604646 e sede na Rua Conde Sabugosa, N\u00ba 6, 8-B, 1700-116 Lisboa, trata os dados pessoais dos utilizadores do website: https:\/\/primekm.pt A empresa \u00e9 respons\u00e1vel pelo tratamento [&hellip;]<\/p>\n","protected":false},"author":1,"featured_media":0,"parent":0,"menu_order":0,"comment_status":"closed","ping_status":"open","template":"","meta":{"footnotes":""},"class_list":["post-822","page","type-page","status-publish","hentry"],"_links":{"self":[{"href":"https:\/\/primekm.pt\/en\/wp-json\/wp\/v2\/pages\/822","targetHints":{"allow":["GET"]}}],"collection":[{"href":"https:\/\/primekm.pt\/en\/wp-json\/wp\/v2\/pages"}],"about":[{"href":"https:\/\/primekm.pt\/en\/wp-json\/wp\/v2\/types\/page"}],"author":[{"embeddable":true,"href":"https:\/\/primekm.pt\/en\/wp-json\/wp\/v2\/users\/1"}],"replies":[{"embeddable":true,"href":"https:\/\/primekm.pt\/en\/wp-json\/wp\/v2\/comments?post=822"}],"version-history":[{"count":3,"href":"https:\/\/primekm.pt\/en\/wp-json\/wp\/v2\/pages\/822\/revisions"}],"predecessor-version":[{"id":825,"href":"https:\/\/primekm.pt\/en\/wp-json\/wp\/v2\/pages\/822\/revisions\/825"}],"wp:attachment":[{"href":"https:\/\/primekm.pt\/en\/wp-json\/wp\/v2\/media?parent=822"}],"curies":[{"name":"wp","href":"https:\/\/api.w.org\/{rel}","templated":true}]}}